{"id":1612,"date":"2025-03-11T15:57:52","date_gmt":"2025-03-11T15:57:52","guid":{"rendered":"https:\/\/jetagedesign.com\/?page_id=1612"},"modified":"2025-06-28T12:53:18","modified_gmt":"2025-06-28T12:53:18","slug":"who-is-jet-age-design","status":"publish","type":"page","link":"https:\/\/jetagedesign.com\/es\/who-is-jet-age-design\/","title":{"rendered":"QUIENES SOMOS"},"content":{"rendered":"<div data-elementor-type=\"wp-page\" data-elementor-id=\"1612\" class=\"elementor elementor-1612\">\n\t\t\t\t<div class=\"elementor-element elementor-element-324d4fa e-flex e-con-boxed e-con e-parent\" data-id=\"324d4fa\" data-element_type=\"container\" data-e-type=\"container\" data-settings=\"{&quot;_ob_use_container_extras&quot;:&quot;no&quot;,&quot;_ob_column_hoveranimator&quot;:&quot;no&quot;,&quot;_ob_glider_is_slider&quot;:&quot;no&quot;,&quot;_ob_column_has_pseudo&quot;:&quot;no&quot;}\">\n\t\t\t\t\t<div class=\"e-con-inner\">\n\t\t<div class=\"elementor-element elementor-element-7e684cd e-con-full e-flex e-con e-child\" data-id=\"7e684cd\" data-element_type=\"container\" data-e-type=\"container\" data-settings=\"{&quot;_ob_use_container_extras&quot;:&quot;no&quot;,&quot;_ob_column_hoveranimator&quot;:&quot;no&quot;,&quot;_ob_glider_is_slider&quot;:&quot;no&quot;,&quot;_ob_column_has_pseudo&quot;:&quot;no&quot;}\">\n\t\t\t\t<div class=\"elementor-element elementor-element-2475f10 ob-has-background-overlay elementor-widget elementor-widget-spacer\" data-id=\"2475f10\" data-element_type=\"widget\" data-e-type=\"widget\" data-settings=\"{&quot;_ob_spacerat_use&quot;:&quot;no&quot;,&quot;_ob_perspektive_use&quot;:&quot;no&quot;,&quot;_ob_poopart_use&quot;:&quot;yes&quot;,&quot;_ob_shadough_use&quot;:&quot;no&quot;,&quot;_ob_allow_hoveranimator&quot;:&quot;no&quot;,&quot;_ob_widget_stalker_use&quot;:&quot;no&quot;}\" data-widget_type=\"spacer.default\">\n\t\t\t\t<div class=\"elementor-widget-container\">\n\t\t\t\t\t\t\t<div class=\"elementor-spacer\">\n\t\t\t<div class=\"elementor-spacer-inner\"><\/div>\n\t\t<\/div>\n\t\t\t\t\t\t<\/div>\n\t\t\t\t<\/div>\n\t\t\t\t<div class=\"elementor-element elementor-element-954a690 ob-harakiri-inherit ob-has-background-overlay elementor-widget elementor-widget-heading\" data-id=\"954a690\" data-element_type=\"widget\" data-e-type=\"widget\" data-settings=\"{&quot;_ob_use_harakiri&quot;:&quot;yes&quot;,&quot;_ob_harakiri_writing_mode&quot;:&quot;inherit&quot;,&quot;_ob_harakiri_text_clip&quot;:&quot;none&quot;,&quot;_ob_perspektive_use&quot;:&quot;no&quot;,&quot;_ob_poopart_use&quot;:&quot;yes&quot;,&quot;_ob_shadough_use&quot;:&quot;no&quot;,&quot;_ob_allow_hoveranimator&quot;:&quot;no&quot;,&quot;_ob_widget_stalker_use&quot;:&quot;no&quot;}\" data-widget_type=\"heading.default\">\n\t\t\t\t<div class=\"elementor-widget-container\">\n\t\t\t\t\t<h2 class=\"elementor-heading-title elementor-size-default\">Qui\u00e9n es Jet Age Design<\/h2>\t\t\t\t<\/div>\n\t\t\t\t<\/div>\n\t\t\t\t<div class=\"elementor-element elementor-element-6a8a0bc ob-has-background-overlay elementor-widget elementor-widget-spacer\" data-id=\"6a8a0bc\" data-element_type=\"widget\" data-e-type=\"widget\" data-settings=\"{&quot;_ob_spacerat_use&quot;:&quot;no&quot;,&quot;_ob_perspektive_use&quot;:&quot;no&quot;,&quot;_ob_poopart_use&quot;:&quot;yes&quot;,&quot;_ob_shadough_use&quot;:&quot;no&quot;,&quot;_ob_allow_hoveranimator&quot;:&quot;no&quot;,&quot;_ob_widget_stalker_use&quot;:&quot;no&quot;}\" data-widget_type=\"spacer.default\">\n\t\t\t\t<div class=\"elementor-widget-container\">\n\t\t\t\t\t\t\t<div class=\"elementor-spacer\">\n\t\t\t<div class=\"elementor-spacer-inner\"><\/div>\n\t\t<\/div>\n\t\t\t\t\t\t<\/div>\n\t\t\t\t<\/div>\n\t\t\t\t<div class=\"elementor-element elementor-element-749c556 elementor-widget-tablet__width-initial ob-has-background-overlay elementor-widget elementor-widget-image\" data-id=\"749c556\" data-element_type=\"widget\" data-e-type=\"widget\" data-settings=\"{&quot;_ob_photomorph_use&quot;:&quot;no&quot;,&quot;_ob_perspektive_use&quot;:&quot;no&quot;,&quot;_ob_poopart_use&quot;:&quot;yes&quot;,&quot;_ob_shadough_use&quot;:&quot;no&quot;,&quot;_ob_allow_hoveranimator&quot;:&quot;no&quot;,&quot;_ob_widget_stalker_use&quot;:&quot;no&quot;}\" data-widget_type=\"image.default\">\n\t\t\t\t<div class=\"elementor-widget-container\">\n\t\t\t\t\t\t\t\t\t\t\t\t\t\t\t<img fetchpriority=\"high\" decoding=\"async\" width=\"764\" height=\"1024\" src=\"https:\/\/jetagedesign.com\/wp-content\/uploads\/2025\/03\/ABOUT-CRISTI-764x1024.jpeg\" class=\"attachment-large size-large wp-image-1716\" alt=\"\" srcset=\"https:\/\/jetagedesign.com\/wp-content\/uploads\/2025\/03\/ABOUT-CRISTI-764x1024.jpeg 764w, https:\/\/jetagedesign.com\/wp-content\/uploads\/2025\/03\/ABOUT-CRISTI-224x300.jpeg 224w, https:\/\/jetagedesign.com\/wp-content\/uploads\/2025\/03\/ABOUT-CRISTI-768x1029.jpeg 768w, https:\/\/jetagedesign.com\/wp-content\/uploads\/2025\/03\/ABOUT-CRISTI-1147x1536.jpeg 1147w, https:\/\/jetagedesign.com\/wp-content\/uploads\/2025\/03\/ABOUT-CRISTI-1529x2048.jpeg 1529w, https:\/\/jetagedesign.com\/wp-content\/uploads\/2025\/03\/ABOUT-CRISTI-scaled.jpeg 1911w\" sizes=\"(max-width: 764px) 100vw, 764px\" \/>\t\t\t\t\t\t\t\t\t\t\t\t\t\t\t<\/div>\n\t\t\t\t<\/div>\n\t\t\t\t<\/div>\n\t\t<div class=\"elementor-element elementor-element-7855e82 e-con-full e-flex e-con e-child\" data-id=\"7855e82\" data-element_type=\"container\" data-e-type=\"container\" data-settings=\"{&quot;_ob_use_container_extras&quot;:&quot;no&quot;,&quot;_ob_column_hoveranimator&quot;:&quot;no&quot;,&quot;_ob_glider_is_slider&quot;:&quot;no&quot;,&quot;_ob_column_has_pseudo&quot;:&quot;no&quot;}\">\n\t\t\t\t<div class=\"elementor-element elementor-element-bba412e ob-has-background-overlay elementor-widget elementor-widget-spacer\" data-id=\"bba412e\" data-element_type=\"widget\" data-e-type=\"widget\" data-settings=\"{&quot;_ob_spacerat_use&quot;:&quot;no&quot;,&quot;_ob_perspektive_use&quot;:&quot;no&quot;,&quot;_ob_poopart_use&quot;:&quot;yes&quot;,&quot;_ob_shadough_use&quot;:&quot;no&quot;,&quot;_ob_allow_hoveranimator&quot;:&quot;no&quot;,&quot;_ob_widget_stalker_use&quot;:&quot;no&quot;}\" data-widget_type=\"spacer.default\">\n\t\t\t\t<div class=\"elementor-widget-container\">\n\t\t\t\t\t\t\t<div class=\"elementor-spacer\">\n\t\t\t<div class=\"elementor-spacer-inner\"><\/div>\n\t\t<\/div>\n\t\t\t\t\t\t<\/div>\n\t\t\t\t<\/div>\n\t\t\t\t<div class=\"elementor-element elementor-element-0ee605c ob-harakiri-inherit ob-has-background-overlay elementor-widget elementor-widget-text-editor\" data-id=\"0ee605c\" data-element_type=\"widget\" data-e-type=\"widget\" data-settings=\"{&quot;_ob_use_harakiri&quot;:&quot;yes&quot;,&quot;_ob_harakiri_writing_mode&quot;:&quot;inherit&quot;,&quot;_ob_postman_use&quot;:&quot;no&quot;,&quot;_ob_perspektive_use&quot;:&quot;no&quot;,&quot;_ob_poopart_use&quot;:&quot;yes&quot;,&quot;_ob_shadough_use&quot;:&quot;no&quot;,&quot;_ob_allow_hoveranimator&quot;:&quot;no&quot;,&quot;_ob_widget_stalker_use&quot;:&quot;no&quot;}\" data-widget_type=\"text-editor.default\">\n\t\t\t\t<div class=\"elementor-widget-container\">\n\t\t\t\t\t\t\t\t\t<p>\u00a1Hola a todos! Yo soy Cristina Rowe, aeromoza y aficionada al dise\u00f1o. Primero que nada quisiera decirte lo contenta que me siento de que est\u00e9s aqu\u00ed. Entre todas las cosas que pudieses estar haciendo, escogiste visitarnos y estoy inmensamente agradecida y honrada por eso.<\/p><p>Ahora un poco acerca de mi\u2026 yo llegu\u00e9 a este mundo a finales de los a\u00f1os 60, pas\u00e9 mi ni\u00f1ez el los 70, me convert\u00ed en una adolescente en los 80 y viv\u00ed my juventud adulta en los 90. Esto me dio la oportunidad de observar la est\u00e9tica de estas cuatro d\u00e9cadas, algunas en tiempo real, otras a trav\u00e9s de \u00e1lbumes de fotos, programas de televisi\u00f3n viejos y mercados de pulgas.<\/p><p>He sido tripulante de cabina la mayor\u00eda de mi vida adulta. Despu\u00e9s de haber volado con cuatro aerol\u00edneas experimentando sus altibajos, todav\u00eda lo hago con la misma pasi\u00f3n que ten\u00eda cuando comenc\u00e9. Recientemente sent\u00ed una necesidad muy fuerte de compartir mi amor por la industria de la aviaci\u00f3n, la est\u00e9tica vintage y el dise\u00f1o en general. <i>Jet Age Design<\/i> es un tributo a todas las cosas grandiosas que fueron concebidas, creadas y so\u00f1adas durante esos a\u00f1os.<\/p><p>Mi intenci\u00f3n no es evocar nostalgia o anhelo de los <i>Viejos tiempos<\/i>, en vez quiero que sea inspiraci\u00f3n para las nuevas generaciones de gente creativa. Es una forma de hacerles saber que pueden so\u00f1ar sin l\u00edmites porque todo es posible.<\/p><p>Deseo que disfrutes de este viaje al pasado tanto como yo.<\/p>\t\t\t\t\t\t\t\t<\/div>\n\t\t\t\t<\/div>\n\t\t\t\t<div class=\"elementor-element elementor-element-8d4bed8 ob-has-background-overlay elementor-widget elementor-widget-spacer\" data-id=\"8d4bed8\" data-element_type=\"widget\" data-e-type=\"widget\" data-settings=\"{&quot;_ob_spacerat_use&quot;:&quot;no&quot;,&quot;_ob_perspektive_use&quot;:&quot;no&quot;,&quot;_ob_poopart_use&quot;:&quot;yes&quot;,&quot;_ob_shadough_use&quot;:&quot;no&quot;,&quot;_ob_allow_hoveranimator&quot;:&quot;no&quot;,&quot;_ob_widget_stalker_use&quot;:&quot;no&quot;}\" data-widget_type=\"spacer.default\">\n\t\t\t\t<div class=\"elementor-widget-container\">\n\t\t\t\t\t\t\t<div class=\"elementor-spacer\">\n\t\t\t<div class=\"elementor-spacer-inner\"><\/div>\n\t\t<\/div>\n\t\t\t\t\t\t<\/div>\n\t\t\t\t<\/div>\n\t\t\t\t<\/div>\n\t\t\t\t\t<\/div>\n\t\t\t\t<\/div>\n\t\t<div class=\"elementor-element elementor-element-286d244 e-flex e-con-boxed e-con e-parent\" data-id=\"286d244\" data-element_type=\"container\" data-e-type=\"container\" data-settings=\"{&quot;_ob_use_container_extras&quot;:&quot;no&quot;,&quot;_ob_column_hoveranimator&quot;:&quot;no&quot;,&quot;_ob_glider_is_slider&quot;:&quot;no&quot;,&quot;_ob_column_has_pseudo&quot;:&quot;no&quot;}\">\n\t\t\t\t\t<div class=\"e-con-inner\">\n\t\t\t\t<div class=\"elementor-element elementor-element-25fa814 ob-has-background-overlay elementor-widget elementor-widget-image\" data-id=\"25fa814\" data-element_type=\"widget\" data-e-type=\"widget\" data-settings=\"{&quot;_ob_photomorph_use&quot;:&quot;no&quot;,&quot;_ob_perspektive_use&quot;:&quot;no&quot;,&quot;_ob_poopart_use&quot;:&quot;yes&quot;,&quot;_ob_shadough_use&quot;:&quot;no&quot;,&quot;_ob_allow_hoveranimator&quot;:&quot;no&quot;,&quot;_ob_widget_stalker_use&quot;:&quot;no&quot;}\" data-widget_type=\"image.default\">\n\t\t\t\t<div class=\"elementor-widget-container\">\n\t\t\t\t\t\t\t\t\t\t\t\t\t\t\t<img decoding=\"async\" width=\"1350\" height=\"50\" src=\"https:\/\/jetagedesign.com\/wp-content\/uploads\/2025\/06\/LOWER-DIVIDER.png\" class=\"attachment-1536x1536 size-1536x1536 wp-image-2073\" alt=\"\" srcset=\"https:\/\/jetagedesign.com\/wp-content\/uploads\/2025\/06\/LOWER-DIVIDER.png 1350w, https:\/\/jetagedesign.com\/wp-content\/uploads\/2025\/06\/LOWER-DIVIDER-300x11.png 300w, https:\/\/jetagedesign.com\/wp-content\/uploads\/2025\/06\/LOWER-DIVIDER-1024x38.png 1024w, https:\/\/jetagedesign.com\/wp-content\/uploads\/2025\/06\/LOWER-DIVIDER-768x28.png 768w\" sizes=\"(max-width: 1350px) 100vw, 1350px\" \/>\t\t\t\t\t\t\t\t\t\t\t\t\t\t\t<\/div>\n\t\t\t\t<\/div>\n\t\t\t\t\t<\/div>\n\t\t\t\t<\/div>\n\t\t\t\t<\/div>","protected":false},"excerpt":{"rendered":"<p>Who is Jet Age Design Hi there! I\u2019m Cristina Rowe, a flight attendant and design aficionado. First of all, I\u2019d like to let you know how happy I am that you\u2019re here. Of all the things you could be doing, you chose to pay us a visit, and I\u2019m incredibly grateful and honoured for that. [&hellip;]<\/p>\n","protected":false},"author":1,"featured_media":0,"parent":0,"menu_order":0,"comment_status":"closed","ping_status":"closed","template":"","meta":{"site-sidebar-layout":"no-sidebar","site-content-layout":"page-builder","ast-site-content-layout":"full-width-container","site-content-style":"unboxed","site-sidebar-style":"unboxed","ast-global-header-display":"","ast-banner-title-visibility":"","ast-main-header-display":"","ast-hfb-above-header-display":"","ast-hfb-below-header-display":"","ast-hfb-mobile-header-display":"","site-post-title":"disabled","ast-breadcrumbs-content":"","ast-featured-img":"disabled","footer-sml-layout":"","ast-disable-related-posts":"","theme-transparent-header-meta":"","adv-header-id-meta":"","stick-header-meta":"","header-above-stick-meta":"","header-main-stick-meta":"","header-below-stick-meta":"","astra-migrate-meta-layouts":"set","ast-page-background-enabled":"default","ast-page-background-meta":{"desktop":{"background-color":"var(--ast-global-color-5)","background-image":"","background-repeat":"repeat","background-position":"center center","background-size":"auto","background-attachment":"scroll","background-type":"","background-media":"","overlay-type":"","overlay-color":"","overlay-opacity":"","overlay-gradient":""},"tablet":{"background-color":"","background-image":"","background-repeat":"repeat","background-position":"center center","background-size":"auto","background-attachment":"scroll","background-type":"","background-media":"","overlay-type":"","overlay-color":"","overlay-opacity":"","overlay-gradient":""},"mobile":{"background-color":"","background-image":"","background-repeat":"repeat","background-position":"center center","background-size":"auto","background-attachment":"scroll","background-type":"","background-media":"","overlay-type":"","overlay-color":"","overlay-opacity":"","overlay-gradient":""}},"ast-content-background-meta":{"desktop":{"background-color":"var(--ast-global-color-4)","background-image":"","background-repeat":"repeat","background-position":"center center","background-size":"auto","background-attachment":"scroll","background-type":"","background-media":"","overlay-type":"","overlay-color":"","overlay-opacity":"","overlay-gradient":""},"tablet":{"background-color":"var(--ast-global-color-4)","background-image":"","background-repeat":"repeat","background-position":"center center","background-size":"auto","background-attachment":"scroll","background-type":"","background-media":"","overlay-type":"","overlay-color":"","overlay-opacity":"","overlay-gradient":""},"mobile":{"background-color":"var(--ast-global-color-4)","background-image":"","background-repeat":"repeat","background-position":"center center","background-size":"auto","background-attachment":"scroll","background-type":"","background-media":"","overlay-type":"","overlay-color":"","overlay-opacity":"","overlay-gradient":""}},"footnotes":""},"class_list":["post-1612","page","type-page","status-publish","hentry"],"yoast_head":"<!-- This site is optimized with the Yoast SEO plugin v27.3 - https:\/\/yoast.com\/product\/yoast-seo-wordpress\/ -->\n<title>ABOUT -<\/title>\n<meta name=\"robots\" content=\"index, follow, max-snippet:-1, max-image-preview:large, max-video-preview:-1\" \/>\n<link rel=\"canonical\" href=\"https:\/\/jetagedesign.com\/es\/who-is-jet-age-design\/\" \/>\n<meta property=\"og:locale\" content=\"es_ES\" \/>\n<meta property=\"og:type\" content=\"article\" \/>\n<meta property=\"og:title\" content=\"ABOUT -\" \/>\n<meta property=\"og:description\" content=\"Who is Jet Age Design Hi there! I\u2019m Cristina Rowe, a flight attendant and design aficionado. First of all, I\u2019d like to let you know how happy I am that you\u2019re here. Of all the things you could be doing, you chose to pay us a visit, and I\u2019m incredibly grateful and honoured for that. [&hellip;]\" \/>\n<meta property=\"og:url\" content=\"https:\/\/jetagedesign.com\/es\/who-is-jet-age-design\/\" \/>\n<meta property=\"article:modified_time\" content=\"2025-06-28T12:53:18+00:00\" \/>\n<meta property=\"og:image\" content=\"https:\/\/jetagedesign.com\/wp-content\/uploads\/2025\/03\/ABOUT-CRISTI-scaled.jpeg\" \/>\n\t<meta property=\"og:image:width\" content=\"1911\" \/>\n\t<meta property=\"og:image:height\" content=\"2560\" \/>\n\t<meta property=\"og:image:type\" content=\"image\/jpeg\" \/>\n<meta name=\"twitter:card\" content=\"summary_large_image\" \/>\n<meta name=\"twitter:label1\" content=\"Tiempo de lectura\" \/>\n\t<meta name=\"twitter:data1\" content=\"1 minuto\" \/>\n<script type=\"application\/ld+json\" class=\"yoast-schema-graph\">{\"@context\":\"https:\\\/\\\/schema.org\",\"@graph\":[{\"@type\":\"WebPage\",\"@id\":\"https:\\\/\\\/jetagedesign.com\\\/who-is-jet-age-design\\\/\",\"url\":\"https:\\\/\\\/jetagedesign.com\\\/who-is-jet-age-design\\\/\",\"name\":\"ABOUT -\",\"isPartOf\":{\"@id\":\"https:\\\/\\\/jetagedesign.com\\\/#website\"},\"primaryImageOfPage\":{\"@id\":\"https:\\\/\\\/jetagedesign.com\\\/who-is-jet-age-design\\\/#primaryimage\"},\"image\":{\"@id\":\"https:\\\/\\\/jetagedesign.com\\\/who-is-jet-age-design\\\/#primaryimage\"},\"thumbnailUrl\":\"https:\\\/\\\/jetagedesign.com\\\/wp-content\\\/uploads\\\/2025\\\/03\\\/ABOUT-CRISTI-764x1024.jpeg\",\"datePublished\":\"2025-03-11T15:57:52+00:00\",\"dateModified\":\"2025-06-28T12:53:18+00:00\",\"breadcrumb\":{\"@id\":\"https:\\\/\\\/jetagedesign.com\\\/who-is-jet-age-design\\\/#breadcrumb\"},\"inLanguage\":\"es\",\"potentialAction\":[{\"@type\":\"ReadAction\",\"target\":[\"https:\\\/\\\/jetagedesign.com\\\/who-is-jet-age-design\\\/\"]}]},{\"@type\":\"ImageObject\",\"inLanguage\":\"es\",\"@id\":\"https:\\\/\\\/jetagedesign.com\\\/who-is-jet-age-design\\\/#primaryimage\",\"url\":\"https:\\\/\\\/jetagedesign.com\\\/wp-content\\\/uploads\\\/2025\\\/03\\\/ABOUT-CRISTI-764x1024.jpeg\",\"contentUrl\":\"https:\\\/\\\/jetagedesign.com\\\/wp-content\\\/uploads\\\/2025\\\/03\\\/ABOUT-CRISTI-764x1024.jpeg\"},{\"@type\":\"BreadcrumbList\",\"@id\":\"https:\\\/\\\/jetagedesign.com\\\/who-is-jet-age-design\\\/#breadcrumb\",\"itemListElement\":[{\"@type\":\"ListItem\",\"position\":1,\"name\":\"Home\",\"item\":\"https:\\\/\\\/jetagedesign.com\\\/\"},{\"@type\":\"ListItem\",\"position\":2,\"name\":\"ABOUT\"}]},{\"@type\":\"WebSite\",\"@id\":\"https:\\\/\\\/jetagedesign.com\\\/#website\",\"url\":\"https:\\\/\\\/jetagedesign.com\\\/\",\"name\":\"\",\"description\":\"\",\"potentialAction\":[{\"@type\":\"SearchAction\",\"target\":{\"@type\":\"EntryPoint\",\"urlTemplate\":\"https:\\\/\\\/jetagedesign.com\\\/?s={search_term_string}\"},\"query-input\":{\"@type\":\"PropertyValueSpecification\",\"valueRequired\":true,\"valueName\":\"search_term_string\"}}],\"inLanguage\":\"es\"}]}<\/script>\n<!-- \/ Yoast SEO plugin. -->","yoast_head_json":{"title":"ABOUT -","robots":{"index":"index","follow":"follow","max-snippet":"max-snippet:-1","max-image-preview":"max-image-preview:large","max-video-preview":"max-video-preview:-1"},"canonical":"https:\/\/jetagedesign.com\/es\/who-is-jet-age-design\/","og_locale":"es_ES","og_type":"article","og_title":"ABOUT -","og_description":"Who is Jet Age Design Hi there! I\u2019m Cristina Rowe, a flight attendant and design aficionado. First of all, I\u2019d like to let you know how happy I am that you\u2019re here. Of all the things you could be doing, you chose to pay us a visit, and I\u2019m incredibly grateful and honoured for that. [&hellip;]","og_url":"https:\/\/jetagedesign.com\/es\/who-is-jet-age-design\/","article_modified_time":"2025-06-28T12:53:18+00:00","og_image":[{"width":1911,"height":2560,"url":"https:\/\/jetagedesign.com\/wp-content\/uploads\/2025\/03\/ABOUT-CRISTI-scaled.jpeg","type":"image\/jpeg"}],"twitter_card":"summary_large_image","twitter_misc":{"Tiempo de lectura":"1 minuto"},"schema":{"@context":"https:\/\/schema.org","@graph":[{"@type":"WebPage","@id":"https:\/\/jetagedesign.com\/who-is-jet-age-design\/","url":"https:\/\/jetagedesign.com\/who-is-jet-age-design\/","name":"ABOUT -","isPartOf":{"@id":"https:\/\/jetagedesign.com\/#website"},"primaryImageOfPage":{"@id":"https:\/\/jetagedesign.com\/who-is-jet-age-design\/#primaryimage"},"image":{"@id":"https:\/\/jetagedesign.com\/who-is-jet-age-design\/#primaryimage"},"thumbnailUrl":"https:\/\/jetagedesign.com\/wp-content\/uploads\/2025\/03\/ABOUT-CRISTI-764x1024.jpeg","datePublished":"2025-03-11T15:57:52+00:00","dateModified":"2025-06-28T12:53:18+00:00","breadcrumb":{"@id":"https:\/\/jetagedesign.com\/who-is-jet-age-design\/#breadcrumb"},"inLanguage":"es","potentialAction":[{"@type":"ReadAction","target":["https:\/\/jetagedesign.com\/who-is-jet-age-design\/"]}]},{"@type":"ImageObject","inLanguage":"es","@id":"https:\/\/jetagedesign.com\/who-is-jet-age-design\/#primaryimage","url":"https:\/\/jetagedesign.com\/wp-content\/uploads\/2025\/03\/ABOUT-CRISTI-764x1024.jpeg","contentUrl":"https:\/\/jetagedesign.com\/wp-content\/uploads\/2025\/03\/ABOUT-CRISTI-764x1024.jpeg"},{"@type":"BreadcrumbList","@id":"https:\/\/jetagedesign.com\/who-is-jet-age-design\/#breadcrumb","itemListElement":[{"@type":"ListItem","position":1,"name":"Home","item":"https:\/\/jetagedesign.com\/"},{"@type":"ListItem","position":2,"name":"ABOUT"}]},{"@type":"WebSite","@id":"https:\/\/jetagedesign.com\/#website","url":"https:\/\/jetagedesign.com\/","name":"","description":"","potentialAction":[{"@type":"SearchAction","target":{"@type":"EntryPoint","urlTemplate":"https:\/\/jetagedesign.com\/?s={search_term_string}"},"query-input":{"@type":"PropertyValueSpecification","valueRequired":true,"valueName":"search_term_string"}}],"inLanguage":"es"}]}},"_links":{"self":[{"href":"https:\/\/jetagedesign.com\/es\/wp-json\/wp\/v2\/pages\/1612","targetHints":{"allow":["GET"]}}],"collection":[{"href":"https:\/\/jetagedesign.com\/es\/wp-json\/wp\/v2\/pages"}],"about":[{"href":"https:\/\/jetagedesign.com\/es\/wp-json\/wp\/v2\/types\/page"}],"author":[{"embeddable":true,"href":"https:\/\/jetagedesign.com\/es\/wp-json\/wp\/v2\/users\/1"}],"replies":[{"embeddable":true,"href":"https:\/\/jetagedesign.com\/es\/wp-json\/wp\/v2\/comments?post=1612"}],"version-history":[{"count":94,"href":"https:\/\/jetagedesign.com\/es\/wp-json\/wp\/v2\/pages\/1612\/revisions"}],"predecessor-version":[{"id":2486,"href":"https:\/\/jetagedesign.com\/es\/wp-json\/wp\/v2\/pages\/1612\/revisions\/2486"}],"wp:attachment":[{"href":"https:\/\/jetagedesign.com\/es\/wp-json\/wp\/v2\/media?parent=1612"}],"curies":[{"name":"wp","href":"https:\/\/api.w.org\/{rel}","templated":true}]}}